{"id":2090,"date":"2024-07-29T09:09:22","date_gmt":"2024-07-29T07:09:22","guid":{"rendered":"https:\/\/reclamatravel.com\/reclamatravel\/?page_id=2090"},"modified":"2024-07-29T09:15:28","modified_gmt":"2024-07-29T07:15:28","slug":"lista-de-precios","status":"publish","type":"page","link":"https:\/\/reclamatravel.com\/reclamatravel\/lista-de-precios\/","title":{"rendered":"Lista de Precios"},"content":{"rendered":"\t\t<div data-elementor-type=\"wp-page\" data-elementor-id=\"2090\" class=\"elementor elementor-2090\" data-elementor-post-type=\"page\">\n\t\t\t\t<div class=\"elementor-element elementor-element-705a094d e-flex e-con-boxed e-con e-parent\" data-id=\"705a094d\" data-element_type=\"container\" data-e-type=\"container\">\n\t\t\t\t\t<div class=\"e-con-inner\">\n\t\t\t\t<div class=\"elementor-element elementor-element-1670b855 elementor-widget elementor-widget-text-editor\" data-id=\"1670b855\" data-element_type=\"widget\" data-e-type=\"widget\" data-widget_type=\"text-editor.default\">\n\t\t\t\t<div class=\"elementor-widget-container\">\n\t\t\t\t\t\t\t\t\t<h2>Lista de Precios<\/h2><p>\u00a0<\/p><p>Nuestro coste por servicio se deduce de la indemnizaci\u00f3n econ\u00f3mica que Reclama Travel haya conseguido seg\u00fan recoge la siguiente tabla:<\/p><table style=\"height: 174px;\" width=\"954\"><tbody><tr><th scope=\"col\">\u00a0<\/th><th style=\"text-align: left;\" scope=\"col\">Importe Indemnizaci\u00f3n<\/th><th style=\"text-align: left;\" colspan=\"2\">Coste servicio Reclama Travel &#8211; IVA no incluido<\/th><\/tr><tr><td>\u00a0<\/td><td>\u00a0<\/td><td><strong>Extrajudicial<\/strong><\/td><td><strong>Judicial<\/strong><\/td><\/tr><tr><td>\u00a0<\/td><td>250 \u20ac<\/td><td>25 %<\/td><td>+ 15%<\/td><\/tr><tr><td>\u00a0<\/td><td>400 \u20ac<\/td><td>25 %<\/td><td>+ 15%<\/td><\/tr><tr><td>\u00a0<\/td><td>600 \u20ac<\/td><td>25 %<\/td><td>+ 15%<\/td><\/tr><\/tbody><\/table><p>\u00a0<\/p><p>Si la reclamaci\u00f3n se resuelve sin necesidad de realizar ninguna acci\u00f3n judicial retenemos de la indemnizaci\u00f3n el 25% + IVA.<\/p><p>S\u00f3lo en el caso que sea necesario defender la reclamaci\u00f3n ante un tribunal a\u00f1adimos al coste por servicio 15% + IVA.<\/p><p>Impuestos aplicables no incluidos.<\/p><p>Recuerda. SI NO SE GANA NO SE PAGA NADA Y NUNCA PEDIMOS NADA POR ADELANTADO(1).<br \/>(1)Excepto en los supuestos descritos en el punto 1.7 \u2013 1.8 de los T\u00e9rminos y Condiciones.<\/p>\t\t\t\t\t\t\t\t<\/div>\n\t\t\t\t<\/div>\n\t\t\t\t\t<\/div>\n\t\t\t\t<\/div>\n\t\t\t\t<\/div>\n\t\t","protected":false},"excerpt":{"rendered":"<p>Lista de Precios Nuestro coste por servicio se deduce de la indemnizaci\u00f3n econ\u00f3mica que Reclama Travel haya conseguido seg\u00fan recoge la siguiente tabla: Importe Indemnizaci\u00f3n Coste servicio Reclama Travel &#8211; IVA no incluido Extrajudicial Judicial 250 \u20ac 25 % + 15% 400 \u20ac 25 % + 15% 600 \u20ac 25 % + 15% Si la reclamaci\u00f3n se resuelve sin necesidad &hellip;<\/p>\n","protected":false},"author":4,"featured_media":0,"parent":0,"menu_order":0,"comment_status":"closed","ping_status":"closed","template":"blank-builder.php","meta":{"footnotes":""},"class_list":["post-2090","page","type-page","status-publish","hentry"],"yoast_head":"<!-- This site is optimized with the Yoast SEO plugin v27.3 - https:\/\/yoast.com\/product\/yoast-seo-wordpress\/ -->\n<title>Lista de Precios - Reclama Travel<\/title>\n<meta name=\"robots\" content=\"index, follow, max-snippet:-1, max-image-preview:large, max-video-preview:-1\" \/>\n<link rel=\"canonical\" href=\"https:\/\/reclamatravel.com\/reclamatravel\/lista-de-precios\/\" \/>\n<meta property=\"og:locale\" content=\"es_ES\" \/>\n<meta property=\"og:type\" content=\"article\" \/>\n<meta property=\"og:title\" content=\"Lista de Precios - Reclama Travel\" \/>\n<meta property=\"og:description\" content=\"Lista de Precios Nuestro coste por servicio se deduce de la indemnizaci\u00f3n econ\u00f3mica que Reclama Travel haya conseguido seg\u00fan recoge la siguiente tabla: Importe Indemnizaci\u00f3n Coste servicio Reclama Travel &#8211; IVA no incluido Extrajudicial Judicial 250 \u20ac 25 % + 15% 400 \u20ac 25 % + 15% 600 \u20ac 25 % + 15% Si la reclamaci\u00f3n se resuelve sin necesidad &hellip;\" \/>\n<meta property=\"og:url\" content=\"https:\/\/reclamatravel.com\/reclamatravel\/lista-de-precios\/\" \/>\n<meta property=\"og:site_name\" content=\"Reclama Travel\" \/>\n<meta property=\"article:modified_time\" content=\"2024-07-29T07:15:28+00:00\" \/>\n<meta property=\"og:image\" content=\"https:\/\/reclamatravel.com\/reclamatravel\/wp-content\/uploads\/2024\/07\/cropped-logo-2.png\" \/>\n\t<meta property=\"og:image:width\" content=\"512\" \/>\n\t<meta property=\"og:image:height\" content=\"512\" \/>\n\t<meta property=\"og:image:type\" content=\"image\/png\" \/>\n<meta name=\"twitter:card\" content=\"summary_large_image\" \/>\n<meta name=\"twitter:label1\" content=\"Tiempo de lectura\" \/>\n\t<meta name=\"twitter:data1\" content=\"1 minuto\" \/>\n<script type=\"application\/ld+json\" class=\"yoast-schema-graph\">{\"@context\":\"https:\\\/\\\/schema.org\",\"@graph\":[{\"@type\":\"WebPage\",\"@id\":\"https:\\\/\\\/reclamatravel.com\\\/reclamatravel\\\/lista-de-precios\\\/\",\"url\":\"https:\\\/\\\/reclamatravel.com\\\/reclamatravel\\\/lista-de-precios\\\/\",\"name\":\"Lista de Precios - Reclama Travel\",\"isPartOf\":{\"@id\":\"https:\\\/\\\/reclamatravel.com\\\/reclamatravel\\\/#website\"},\"datePublished\":\"2024-07-29T07:09:22+00:00\",\"dateModified\":\"2024-07-29T07:15:28+00:00\",\"breadcrumb\":{\"@id\":\"https:\\\/\\\/reclamatravel.com\\\/reclamatravel\\\/lista-de-precios\\\/#breadcrumb\"},\"inLanguage\":\"es\",\"potentialAction\":[{\"@type\":\"ReadAction\",\"target\":[\"https:\\\/\\\/reclamatravel.com\\\/reclamatravel\\\/lista-de-precios\\\/\"]}]},{\"@type\":\"BreadcrumbList\",\"@id\":\"https:\\\/\\\/reclamatravel.com\\\/reclamatravel\\\/lista-de-precios\\\/#breadcrumb\",\"itemListElement\":[{\"@type\":\"ListItem\",\"position\":1,\"name\":\"Portada\",\"item\":\"https:\\\/\\\/reclamatravel.com\\\/reclamatravel\\\/\"},{\"@type\":\"ListItem\",\"position\":2,\"name\":\"Lista de Precios\"}]},{\"@type\":\"WebSite\",\"@id\":\"https:\\\/\\\/reclamatravel.com\\\/reclamatravel\\\/#website\",\"url\":\"https:\\\/\\\/reclamatravel.com\\\/reclamatravel\\\/\",\"name\":\"Reclama Travel\",\"description\":\"L\u00edder en Gesti\u00f3n de Indemnizaciones A\u00e9reas\",\"publisher\":{\"@id\":\"https:\\\/\\\/reclamatravel.com\\\/reclamatravel\\\/#organization\"},\"potentialAction\":[{\"@type\":\"SearchAction\",\"target\":{\"@type\":\"EntryPoint\",\"urlTemplate\":\"https:\\\/\\\/reclamatravel.com\\\/reclamatravel\\\/?s={search_term_string}\"},\"query-input\":{\"@type\":\"PropertyValueSpecification\",\"valueRequired\":true,\"valueName\":\"search_term_string\"}}],\"inLanguage\":\"es\"},{\"@type\":\"Organization\",\"@id\":\"https:\\\/\\\/reclamatravel.com\\\/reclamatravel\\\/#organization\",\"name\":\"Reclama Travel\",\"url\":\"https:\\\/\\\/reclamatravel.com\\\/reclamatravel\\\/\",\"logo\":{\"@type\":\"ImageObject\",\"inLanguage\":\"es\",\"@id\":\"https:\\\/\\\/reclamatravel.com\\\/reclamatravel\\\/#\\\/schema\\\/logo\\\/image\\\/\",\"url\":\"https:\\\/\\\/reclamatravel.com\\\/reclamatravel\\\/wp-content\\\/uploads\\\/2024\\\/07\\\/logo-apaisado-Reclama-Travel-1.png\",\"contentUrl\":\"https:\\\/\\\/reclamatravel.com\\\/reclamatravel\\\/wp-content\\\/uploads\\\/2024\\\/07\\\/logo-apaisado-Reclama-Travel-1.png\",\"width\":1607,\"height\":208,\"caption\":\"Reclama Travel\"},\"image\":{\"@id\":\"https:\\\/\\\/reclamatravel.com\\\/reclamatravel\\\/#\\\/schema\\\/logo\\\/image\\\/\"}}]}<\/script>\n<!-- \/ Yoast SEO plugin. -->","yoast_head_json":{"title":"Lista de Precios - Reclama Travel","robots":{"index":"index","follow":"follow","max-snippet":"max-snippet:-1","max-image-preview":"max-image-preview:large","max-video-preview":"max-video-preview:-1"},"canonical":"https:\/\/reclamatravel.com\/reclamatravel\/lista-de-precios\/","og_locale":"es_ES","og_type":"article","og_title":"Lista de Precios - Reclama Travel","og_description":"Lista de Precios Nuestro coste por servicio se deduce de la indemnizaci\u00f3n econ\u00f3mica que Reclama Travel haya conseguido seg\u00fan recoge la siguiente tabla: Importe Indemnizaci\u00f3n Coste servicio Reclama Travel &#8211; IVA no incluido Extrajudicial Judicial 250 \u20ac 25 % + 15% 400 \u20ac 25 % + 15% 600 \u20ac 25 % + 15% Si la reclamaci\u00f3n se resuelve sin necesidad &hellip;","og_url":"https:\/\/reclamatravel.com\/reclamatravel\/lista-de-precios\/","og_site_name":"Reclama Travel","article_modified_time":"2024-07-29T07:15:28+00:00","og_image":[{"width":512,"height":512,"url":"https:\/\/reclamatravel.com\/reclamatravel\/wp-content\/uploads\/2024\/07\/cropped-logo-2.png","type":"image\/png"}],"twitter_card":"summary_large_image","twitter_misc":{"Tiempo de lectura":"1 minuto"},"schema":{"@context":"https:\/\/schema.org","@graph":[{"@type":"WebPage","@id":"https:\/\/reclamatravel.com\/reclamatravel\/lista-de-precios\/","url":"https:\/\/reclamatravel.com\/reclamatravel\/lista-de-precios\/","name":"Lista de Precios - Reclama Travel","isPartOf":{"@id":"https:\/\/reclamatravel.com\/reclamatravel\/#website"},"datePublished":"2024-07-29T07:09:22+00:00","dateModified":"2024-07-29T07:15:28+00:00","breadcrumb":{"@id":"https:\/\/reclamatravel.com\/reclamatravel\/lista-de-precios\/#breadcrumb"},"inLanguage":"es","potentialAction":[{"@type":"ReadAction","target":["https:\/\/reclamatravel.com\/reclamatravel\/lista-de-precios\/"]}]},{"@type":"BreadcrumbList","@id":"https:\/\/reclamatravel.com\/reclamatravel\/lista-de-precios\/#breadcrumb","itemListElement":[{"@type":"ListItem","position":1,"name":"Portada","item":"https:\/\/reclamatravel.com\/reclamatravel\/"},{"@type":"ListItem","position":2,"name":"Lista de Precios"}]},{"@type":"WebSite","@id":"https:\/\/reclamatravel.com\/reclamatravel\/#website","url":"https:\/\/reclamatravel.com\/reclamatravel\/","name":"Reclama Travel","description":"L\u00edder en Gesti\u00f3n de Indemnizaciones A\u00e9reas","publisher":{"@id":"https:\/\/reclamatravel.com\/reclamatravel\/#organization"},"potentialAction":[{"@type":"SearchAction","target":{"@type":"EntryPoint","urlTemplate":"https:\/\/reclamatravel.com\/reclamatravel\/?s={search_term_string}"},"query-input":{"@type":"PropertyValueSpecification","valueRequired":true,"valueName":"search_term_string"}}],"inLanguage":"es"},{"@type":"Organization","@id":"https:\/\/reclamatravel.com\/reclamatravel\/#organization","name":"Reclama Travel","url":"https:\/\/reclamatravel.com\/reclamatravel\/","logo":{"@type":"ImageObject","inLanguage":"es","@id":"https:\/\/reclamatravel.com\/reclamatravel\/#\/schema\/logo\/image\/","url":"https:\/\/reclamatravel.com\/reclamatravel\/wp-content\/uploads\/2024\/07\/logo-apaisado-Reclama-Travel-1.png","contentUrl":"https:\/\/reclamatravel.com\/reclamatravel\/wp-content\/uploads\/2024\/07\/logo-apaisado-Reclama-Travel-1.png","width":1607,"height":208,"caption":"Reclama Travel"},"image":{"@id":"https:\/\/reclamatravel.com\/reclamatravel\/#\/schema\/logo\/image\/"}}]}},"_links":{"self":[{"href":"https:\/\/reclamatravel.com\/reclamatravel\/wp-json\/wp\/v2\/pages\/2090","targetHints":{"allow":["GET"]}}],"collection":[{"href":"https:\/\/reclamatravel.com\/reclamatravel\/wp-json\/wp\/v2\/pages"}],"about":[{"href":"https:\/\/reclamatravel.com\/reclamatravel\/wp-json\/wp\/v2\/types\/page"}],"author":[{"embeddable":true,"href":"https:\/\/reclamatravel.com\/reclamatravel\/wp-json\/wp\/v2\/users\/4"}],"replies":[{"embeddable":true,"href":"https:\/\/reclamatravel.com\/reclamatravel\/wp-json\/wp\/v2\/comments?post=2090"}],"version-history":[{"count":7,"href":"https:\/\/reclamatravel.com\/reclamatravel\/wp-json\/wp\/v2\/pages\/2090\/revisions"}],"predecessor-version":[{"id":2098,"href":"https:\/\/reclamatravel.com\/reclamatravel\/wp-json\/wp\/v2\/pages\/2090\/revisions\/2098"}],"wp:attachment":[{"href":"https:\/\/reclamatravel.com\/reclamatravel\/wp-json\/wp\/v2\/media?parent=2090"}],"curies":[{"name":"wp","href":"https:\/\/api.w.org\/{rel}","templated":true}]}}