{"id":3,"date":"2024-07-23T16:11:35","date_gmt":"2024-07-23T14:11:35","guid":{"rendered":"https:\/\/reclamatravel.com\/reclamatravel\/?page_id=3"},"modified":"2024-07-28T19:14:40","modified_gmt":"2024-07-28T17:14:40","slug":"politica-privacidad","status":"publish","type":"page","link":"https:\/\/reclamatravel.com\/reclamatravel\/politica-privacidad\/","title":{"rendered":"Pol\u00edtica de Privacidad y Protecci\u00f3n de Datos"},"content":{"rendered":"<div class=\"modal-header\">\n<h2 class=\"modal-title text-center\">Pol\u00edtica de Privacidad y Protecci\u00f3n de Datos<\/h2>\n<\/div>\n<div class=\"modal-body\">\n<p align=\"JUSTIFY\"><strong>RESPONSABLE:<\/strong>\u00a0RECLAMA TRAVEL S.L. &#8211; CIF B-98911894<br \/>\n<strong>CONTACTO<\/strong>\u00a0C\/ Juan de la Cierva, 10 &#8211; despacho 7, 46980 &#8211; Paterna \u2013 Valencia, Espa\u00f1a<br \/>\n<strong>FINALIDADES<\/strong>\u00a0<strong>Gesti\u00f3n de potenciales:<\/strong>\u00a0Gesti\u00f3n de clientes potenciales y contactos<br \/>\n<strong>Comunicaciones comerciales:<\/strong>\u00a0Marketing, publicidad y prospecci\u00f3n comercial<br \/>\n<strong>LEGITIMACION<\/strong>\u00a0<strong>Gesti\u00f3n de potenciales:<\/strong>\u00a0Existencia de una relaci\u00f3n contractual con el interesado mediante contrato o precontrato<br \/>\n<strong>Consultas Website:<\/strong>\u00a0Consentimiento expl\u00edcito del interesado<br \/>\n<strong>Comunicaciones comerciales:<\/strong>\u00a0Consentimiento expl\u00edcito del interesado<br \/>\n<strong>CONSERVACI\u00d3N<\/strong>\u00a0<strong>Gesti\u00f3n de potenciales:<\/strong>\u00a0Durante un plazo de 1 a\u00f1o a partir de la \u00faltima confirmaci\u00f3n de inter\u00e9s<br \/>\n<strong>Consultas Website:<\/strong>\u00a0Durante un plazo de 1 a\u00f1o a partir de la \u00faltima confirmaci\u00f3n de inter\u00e9s<br \/>\n<strong>Comunicaciones comerciales:<\/strong>\u00a0Mientras no se solicite su supresi\u00f3n por el interesado<br \/>\n<strong>DESTINATARIOS<\/strong>\u00a0No cedemos sus datos a terceros<br \/>\n<strong>TRANSFERENCIAS INTERNACIONALES<\/strong>\u00a0No realizamos transferencias internacionales de sus datos<\/p>\n<h2 align=\"JUSTIFY\"><strong>PROCEDENCIA<br \/>\n<\/strong><\/h2>\n<p align=\"JUSTIFY\"><strong><u>Gesti\u00f3n de potenciales<\/u><\/strong><\/p>\n<ul>\n<li><strong>Potenciales:<\/strong>\u00a0El propio interesado o su representante legal<\/li>\n<\/ul>\n<p><strong><u>Consultas Website<\/u><\/strong><\/p>\n<ul>\n<li><strong>Contactos Web:<\/strong>\u00a0El propio interesado o su representante legal<\/li>\n<\/ul>\n<p><strong><u>Comunicaciones comerciales<\/u><\/strong><\/p>\n<ul>\n<li><strong>Clientes:<\/strong>\u00a0El propio interesado o su representante legal<\/li>\n<li><strong>Potenciales:<\/strong>\u00a0El propio interesado o su representante legal<\/li>\n<\/ul>\n<p><strong>DERECHOS<\/strong>\u00a0Usted tiene derecho acceder a sus datos, rectificarlos, suprimirlos, limitar u oponerse a su tratamiento, a su portabilidad, a retirar su consentimiento y a presentar reclamaciones ante la Autoridad de Control (Agencia Espa\u00f1ola de Protecci\u00f3n de Datos). M\u00e1s informaci\u00f3n en nuestra \u00abPol\u00edtica de Privacidad y Protecci\u00f3n de Datos\u00bb.<\/p>\n<p>&nbsp;<\/p>\n<h2>DETALLES DE NUESTRA POL\u00cdTICA DE PRIVACIDAD<\/h2>\n<p align=\"JUSTIFY\"><strong>1.- INFORMACI\u00d3N GENERAL<\/strong><\/p>\n<p align=\"JUSTIFY\">La presente \u00abPol\u00edtica de Privacidad y Protecci\u00f3n de Datos\u00bb tiene como finalidad dar a conocer las condiciones que rigen la recogida y tratamiento de sus datos personales por parte de nuestra entidad o grupo corporativo para velar por los derechos fundamentales, su honor y libertades, todo ello en cumplimiento de las normativas vigentes que regulan la Protecci\u00f3n de Datos personales seg\u00fan la Uni\u00f3n Europea y el Estado Miembro espa\u00f1ol.<\/p>\n<p>En conformidad con dichas normativas, necesitamos disponer de su autorizaci\u00f3n y consentimiento para la recogida y el tratamiento de sus datos personales, por l o que a continuaci\u00f3n, l e indicamos todos los detalles d e s u inter\u00e9s respecto a c\u00f3mo realizamos estos procesos, con qu\u00e9 finalidades, que otras entidades podr\u00edan tener acceso a sus datos y cu\u00e1les son sus derechos.<\/p>\n<p>Por todo lo expuesto, una vez revisada y le\u00edda nuestra Pol\u00edtica de Protecci\u00f3n de Datos, es imprescindible que la acepte en prueba de su conformidad y consentimiento.<\/p>\n<p align=\"JUSTIFY\"><strong>2.- RESPONSABLE DEL TRATAMIENTO<\/strong><\/p>\n<p align=\"JUSTIFY\"><strong>\u00bfQui\u00e9n recaba y trata sus datos?<\/strong><\/p>\n<p align=\"JUSTIFY\">El Responsable del Tratamiento de Datos es aquella persona f\u00edsica o jur\u00eddica, de naturaleza p\u00fablica o privada, u \u00f3rgano administrativo, que solo o conjuntamente con otros determine los fines y medios del tratamiento de datos personales; en caso de que los fines y medios del tratamiento est\u00e9n determinados por el Derecho de la Uni\u00f3n Europea o del Estado Miembro espa\u00f1ol.<\/p>\n<p>En este caso, nuestros datos identificativos como Responsable del Tratamiento son los siguientes:<\/p>\n<p>RECLAMA TRAVEL S.L. &#8211; CIF B-98911894<\/p>\n<p><strong>\u00bfC\u00f3mo puede contactar con nosotros?<\/strong><\/p>\n<p><strong>Domicilio de nuestras oficinas:<\/strong><br \/>\nC\/ Juan de la Cierva, 10 &#8211; despacho 7, 46980 &#8211; Paterna \u2013 Valencia, Espa\u00f1a<br \/>\nEmail: juridico@reclamatravel.com &#8211; Tel\u00e9fono: 960660283<\/p>\n<p><strong>Domicilio postal:<\/strong><br \/>\nC\/ Juan de la Cierva, 10 &#8211; despacho 7, 46980 &#8211; Paterna \u2013 Valencia, Espa\u00f1a<\/p>\n<p align=\"JUSTIFY\"><strong>3.- MEDIDAS DE SEGURIDAD<\/strong><\/p>\n<p align=\"JUSTIFY\"><strong>\u00bfQu\u00e9 hacemos para garantizar la privacidad de sus datos?<\/strong><\/p>\n<p align=\"JUSTIFY\">Nuestra entidad o grupo corporativo adopta las medidas organizativas y t\u00e9cnicas necesarias para garantizar la seguridad y la privacidad de sus datos, evitar su alteraci\u00f3n, p\u00e9rdida, tratamiento o acceso no autorizado, dependiendo del estado de la tecnolog\u00eda, la naturaleza de los datos almacenado y los riesgos a que est\u00e1n expuestos.<\/p>\n<p>Entre otras, destacan las siguientes medidas:<\/p>\n<ul>\n<li>\n<p align=\"JUSTIFY\">Garantizar la confidencialidad, integridad, disponibilidad y resiliencia permanentes de los sistemas y servicios de tratamiento.<\/p>\n<\/li>\n<li>\n<p align=\"JUSTIFY\">Restaurar la disponibilidad y el acceso a los datos personales de forma r\u00e1pida, en caso de incidente f\u00edsico o t\u00e9cnico.<\/p>\n<\/li>\n<li>\n<p align=\"JUSTIFY\">Verificar, evaluar y valorar, de forma regular, la eficacia de las medidas t\u00e9cnicas y organizativas implementadas para garantizar la seguridad del tratamiento.<\/p>\n<\/li>\n<li>\n<p align=\"JUSTIFY\">Seudonimizar y cifrar los datos personales, en caso de que se trate de datos sensibles.<\/p>\n<\/li>\n<\/ul>\n<p align=\"JUSTIFY\"><strong>4.- FINALIDAD DEL TRATAMIENTO<\/strong><\/p>\n<p align=\"JUSTIFY\"><strong>\u00bfPara qu\u00e9 queremos tratar sus datos?<\/strong><\/p>\n<p align=\"JUSTIFY\">Necesitamos su autorizaci\u00f3n y consentimiento para recabar y tratar sus datos personales, por lo que a continuaci\u00f3n le detallamos los usos y finalidades previstas.<\/p>\n<p><strong>Gesti\u00f3n de potenciales:<\/strong>\u00a0Gesti\u00f3n de clientes potenciales y contactos<br \/>\n<strong>Comunicaciones comerciales:<\/strong>\u00a0Marketing, publicidad y prospecci\u00f3n comercial<\/p>\n<p align=\"JUSTIFY\"><strong>\u00bfDurante cu\u00e1nto tiempo conservamos sus datos?<\/strong><\/p>\n<p align=\"JUSTIFY\">Utilizamos sus datos durante el tiempo estrictamente necesario para cumplir las finalidades indicadas anteriormente. Salvo que exista u n a obligaci\u00f3n o requerimiento legal, los plazos de conservaci\u00f3n previstos son:<\/p>\n<p><strong>Gesti\u00f3n de potenciales:<\/strong>\u00a0Durante un plazo de 1 a\u00f1o a partir de la \u00faltima confirmaci\u00f3n de inter\u00e9s<br \/>\n<strong>Consultas Website:<\/strong>\u00a0Durante un plazo de 1 a\u00f1o a partir de la \u00faltima confirmaci\u00f3n de inter\u00e9s<br \/>\n<strong>Comunicaciones comerciales:<\/strong>\u00a0Mientras no se solicite su supresi\u00f3n por el interesado<\/p>\n<p align=\"JUSTIFY\"><strong>5.- LEGITIMACI\u00d3N DEL TRATAMIENTO<\/strong><\/p>\n<p align=\"JUSTIFY\"><strong>\u00bfPor qu\u00e9 tratamos sus datos?<\/strong><\/p>\n<p align=\"JUSTIFY\">La recogida y el tratamiento de sus datos est\u00e1 legitimado siempre por una o varias bases jur\u00eddicas, las cuales detallamos a continuaci\u00f3n:<\/p>\n<p><strong>Gesti\u00f3n de potenciales:<\/strong>\u00a0Existencia de una relaci\u00f3n contractual con el interesado mediante contrato o precontrato<br \/>\n<strong>Consultas Website:<\/strong>\u00a0Consentimiento expl\u00edcito del interesado<br \/>\n<strong>Comunicaciones comerciales:<\/strong>\u00a0Consentimiento expl\u00edcito del interesado<\/p>\n<p align=\"JUSTIFY\"><strong>6.- DESTINATARIOS DE SUS DATOS<\/strong><\/p>\n<p align=\"JUSTIFY\"><strong>\u00bfA qui\u00e9nes cedemos sus datos dentro de la Uni\u00f3n Europea?<\/strong><\/p>\n<p align=\"JUSTIFY\">No realizamos cesiones de sus datos a terceras personas ni entidades, salvo obligaci\u00f3n legal.<\/p>\n<p align=\"JUSTIFY\"><strong>\u00bfRealizamos Transferencias Internacionales de sus datos fuera de la Uni\u00f3n Europea?<\/strong><\/p>\n<p align=\"JUSTIFY\">No realizamos transferencias internacionales de sus datos<\/p>\n<p align=\"JUSTIFY\"><strong>7.- PROCEDENCIA Y TIPOS DE DATOS TRATADOS<\/strong><\/p>\n<p align=\"JUSTIFY\"><strong>\u00bfDe d\u00f3nde hemos obtenido sus datos?<\/strong><\/p>\n<p><strong><u>Gesti\u00f3n de potenciales<\/u><\/strong><\/p>\n<ul>\n<li><strong>Potenciales:<\/strong>\u00a0El propio interesado o su representante legal<\/li>\n<\/ul>\n<p><strong><u>Consultas Website<\/u><\/strong><\/p>\n<ul>\n<li><strong>Contactos Web:<\/strong>\u00a0El propio interesado o su representante legal<\/li>\n<\/ul>\n<p><strong><u>Comunicaciones comerciales<\/u><\/strong><\/p>\n<ul>\n<li><strong>Clientes:<\/strong>\u00a0El propio interesado o su representante legal<\/li>\n<li><strong>Potenciales:<\/strong>\u00a0El propio interesado o su representante legal<\/li>\n<\/ul>\n<p>&nbsp;<\/p>\n<p align=\"JUSTIFY\"><strong>\u00bfQu\u00e9 tipos de datos suyos hemos recabado y tratamos?<\/strong><\/p>\n<p><strong><u>Gesti\u00f3n de potenciales<\/u><\/strong><\/p>\n<ul>\n<li><strong>Finalidades:<\/strong>\u00a0* Gesti\u00f3n de clientes potenciales y contactos<\/li>\n<li><strong>Potenciales:<\/strong>\u00a0* Datos identificativos\n<ul>\n<li>Nombre y Apellidos<\/li>\n<li>Direcci\u00f3n postal<\/li>\n<li>NIF \/ NIE \/ Pasaporte<\/li>\n<li>Direcci\u00f3n electr\u00f3nica<\/li>\n<li>Tel\u00e9fono<\/li>\n<\/ul>\n<\/li>\n<\/ul>\n<p><strong><u>Consultas Website<\/u><\/strong><\/p>\n<ul>\n<li><strong>Contactos Web:<\/strong>\u00a0* Datos identificativos\n<ul>\n<li>Nombre y Apellidos<\/li>\n<li>Direcci\u00f3n electr\u00f3nica<\/li>\n<li>Tel\u00e9fono<\/li>\n<\/ul>\n<\/li>\n<\/ul>\n<p><strong><u>Comunicaciones comerciales<\/u><\/strong><\/p>\n<ul>\n<li><strong>Finalidades:<\/strong>\u00a0* Marketing, publicidad y prospecci\u00f3n comercial<\/li>\n<li><strong>Clientes:<\/strong>\u00a0* Datos identificativos\n<ul>\n<li>Nombre y Apellidos<\/li>\n<li>Direcci\u00f3n electr\u00f3nica<\/li>\n<\/ul>\n<\/li>\n<\/ul>\n<ul>\n<li><strong>Potenciales:<\/strong>\u00a0* Datos identificativos\n<ul>\n<li>Nombre y Apellidos<\/li>\n<li>Direcci\u00f3n postal<\/li>\n<li>NIF \/ NIE \/ Pasaporte<\/li>\n<li>Direcci\u00f3n electr\u00f3nica<\/li>\n<li>Tel\u00e9fono<\/li>\n<\/ul>\n<\/li>\n<\/ul>\n<p align=\"JUSTIFY\"><strong>8.- DERECHOS DE LOS INTERESADOS<\/strong><\/p>\n<p align=\"JUSTIFY\"><strong>\u00bfCu\u00e1les son los derechos que le amparan?<\/strong><\/p>\n<p align=\"JUSTIFY\">La normativa vigente de protecci\u00f3n de datos le ampara en una serie de derechos en relaci\u00f3n al uso que le damos a sus datos. Todos y cada uno de sus derechos son unipersonales e intransferibles, es decir, que \u00fanicamente pueden ser realizados por el titular de los datos, previa comprobaci\u00f3n de su identidad.<\/p>\n<p>A continuaci\u00f3n le indicamos cuales son los derechos que le asisten:<\/p>\n<ul>\n<li>\n<p align=\"JUSTIFY\">Solicitar el ACCESO a sus datos personales<\/p>\n<\/li>\n<li>\n<p align=\"JUSTIFY\">Solicitar la RECTIFICACION de sus datos<\/p>\n<\/li>\n<li>\n<p align=\"JUSTIFY\">Solicitar la SUPRESI\u00d3N o eliminaci\u00f3n de sus datos (derecho al \u00abolvido\u00bb)<\/p>\n<\/li>\n<li>\n<p align=\"JUSTIFY\">LIMITAR u OPONERSE al uso que le damos a sus datos<\/p>\n<\/li>\n<li>\n<p align=\"JUSTIFY\">Derecho a la PORTABILIDAD de sus datos para casos de servicios de telecomunicaciones o internet.<\/p>\n<\/li>\n<li>\n<p align=\"JUSTIFY\">Derecho a RETIRAR su consentimiento en cualquier momento<\/p>\n<\/li>\n<li>\n<p align=\"JUSTIFY\">Derecho a presentar una RECLAMACI\u00d3N en materia de protecci\u00f3n de datos ante la Autoridad de Control: Agencia Espa\u00f1ola de Protecci\u00f3n de Datos<\/p>\n<\/li>\n<\/ul>\n<p align=\"JUSTIFY\"><strong>\u00bfC\u00f3mo puede ejercer sus derechos en relaci\u00f3n a sus datos?<\/strong><\/p>\n<p align=\"JUSTIFY\">Para el ejercicio de sus derechos de acceso, rectificaci\u00f3n, supresi\u00f3n, limitaci\u00f3n u oposici\u00f3n, portabilidad y retirada de su consentimiento, puede hacerlo de la siguiente forma:<\/p>\n<p><strong><u>Gesti\u00f3n de potenciales<\/u><\/strong><\/p>\n<ul>\n<li>Responsable: RECLAMA TRAVEL S.L.<\/li>\n<li>Direcci\u00f3n: C\/ Juan de la Cierva, 10 &#8211; despacho 7, 46980 &#8211; Paterna \u2013 Valencia, Espa\u00f1a<\/li>\n<li>Tel\u00e9fono: 960660283<\/li>\n<li>E-mail: juridico@reclamatravel.com<\/li>\n<li>P\u00e1gina web: http:\/\/www.reclamatravel.com<\/li>\n<\/ul>\n<p><strong><u>Consultas Website<\/u><\/strong><\/p>\n<ul>\n<li>Responsable: RECLAMA TRAVEL S.L.<\/li>\n<li>Direcci\u00f3n: C\/ Juan de la Cierva, 10 &#8211; despacho 7, 46980 &#8211; Paterna \u2013 Valencia, Espa\u00f1a<\/li>\n<li>Tel\u00e9fono: 960660283<\/li>\n<li>E-mail: juridico@reclamatravel.com<\/li>\n<li>P\u00e1gina web: http:\/\/www.reclamatravel.com<\/li>\n<\/ul>\n<p><strong><u>Comunicaciones comerciales<\/u><\/strong><\/p>\n<ul>\n<li>Responsable: RECLAMA TRAVEL S.L.<\/li>\n<li>Direcci\u00f3n: C\/ Juan de la Cierva, 10 &#8211; despacho 7, 46980 &#8211; Paterna \u2013 Valencia, Espa\u00f1a<\/li>\n<li>Tel\u00e9fono: 960660283<\/li>\n<li>E-mail: juridico@reclamatravel.com<\/li>\n<li>P\u00e1gina web: http:\/\/www.reclamatravel.com<\/li>\n<\/ul>\n<p align=\"JUSTIFY\"><strong>\u00bfC\u00f3mo puede presentar una reclamaci\u00f3n?<\/strong><\/p>\n<p align=\"JUSTIFY\">Adem\u00e1s de los derechos que le asisten, si cree que sus datos no se est\u00e1n recabando o tratando conforme a la normativa vigente de Protecci\u00f3n de Datos, usted podr\u00e1 realizar una reclamaci\u00f3n ante la Autoridad de Control, cuyos datos de contacto indicamos a continuaci\u00f3n:<\/p>\n<p style=\"text-align: left;\" align=\"center\"><strong>Agencia Espa\u00f1ola de Protecci\u00f3n de Datos<\/strong><br \/>\nC\/. Jorge Juan, 6. 28001, Madrid (Madrid), Espa\u00f1a<br \/>\nEmail: info@agpd.es &#8211; Tel\u00e9fono: 912663517<br \/>\nWeb: https:\/\/www.agpd.es<\/p>\n<p align=\"JUSTIFY\"><strong>9.- CONSENTIMIENTO Y ACEPTACI\u00d3N<\/strong><\/p>\n<p align=\"JUSTIFY\">La aceptaci\u00f3n del presente documento indica que usted entiende, acepta todas las cl\u00e1usulas de nuestra pol\u00edtica de privacidad por lo que autoriza la recogida y el tratamiento de sus datos personales en estos t\u00e9rminos. Esta aceptaci\u00f3n se realiza mediante la activaci\u00f3n de la casilla de verificaci\u00f3n de \u00abLectura y Aceptaci\u00f3n\u00bb de nuestra Pol\u00edtica de Privacidad.<\/p>\n<\/div>\n","protected":false},"excerpt":{"rendered":"<p>Pol\u00edtica de Privacidad y Protecci\u00f3n de Datos RESPONSABLE:\u00a0RECLAMA TRAVEL S.L. &#8211; CIF B-98911894 CONTACTO\u00a0C\/ Juan de la Cierva, 10 &#8211; despacho 7, 46980 &#8211; Paterna \u2013 Valencia, Espa\u00f1a FINALIDADES\u00a0Gesti\u00f3n de potenciales:\u00a0Gesti\u00f3n de clientes potenciales y contactos Comunicaciones comerciales:\u00a0Marketing, publicidad y prospecci\u00f3n comercial LEGITIMACION\u00a0Gesti\u00f3n de potenciales:\u00a0Existencia de una relaci\u00f3n contractual con el interesado mediante contrato o precontrato Consultas Website:\u00a0Consentimiento expl\u00edcito del &hellip;<\/p>\n","protected":false},"author":4,"featured_media":0,"parent":0,"menu_order":0,"comment_status":"closed","ping_status":"open","template":"page-wide.php","meta":{"footnotes":""},"class_list":["post-3","page","type-page","status-publish","hentry"],"yoast_head":"<!-- This site is optimized with the Yoast SEO plugin v27.3 - https:\/\/yoast.com\/product\/yoast-seo-wordpress\/ -->\n<title>Pol\u00edtica de Privacidad y Protecci\u00f3n de Datos - Reclama Travel<\/title>\n<meta name=\"robots\" content=\"index, follow, max-snippet:-1, max-image-preview:large, max-video-preview:-1\" \/>\n<link rel=\"canonical\" href=\"https:\/\/reclamatravel.com\/reclamatravel\/politica-privacidad\/\" \/>\n<meta property=\"og:locale\" content=\"es_ES\" \/>\n<meta property=\"og:type\" content=\"article\" \/>\n<meta property=\"og:title\" content=\"Pol\u00edtica de Privacidad y Protecci\u00f3n de Datos - Reclama Travel\" \/>\n<meta property=\"og:description\" content=\"Pol\u00edtica de Privacidad y Protecci\u00f3n de Datos RESPONSABLE:\u00a0RECLAMA TRAVEL S.L. &#8211; CIF B-98911894 CONTACTO\u00a0C\/ Juan de la Cierva, 10 &#8211; despacho 7, 46980 &#8211; Paterna \u2013 Valencia, Espa\u00f1a FINALIDADES\u00a0Gesti\u00f3n de potenciales:\u00a0Gesti\u00f3n de clientes potenciales y contactos Comunicaciones comerciales:\u00a0Marketing, publicidad y prospecci\u00f3n comercial LEGITIMACION\u00a0Gesti\u00f3n de potenciales:\u00a0Existencia de una relaci\u00f3n contractual con el interesado mediante contrato o precontrato Consultas Website:\u00a0Consentimiento expl\u00edcito del &hellip;\" \/>\n<meta property=\"og:url\" content=\"https:\/\/reclamatravel.com\/reclamatravel\/politica-privacidad\/\" \/>\n<meta property=\"og:site_name\" content=\"Reclama Travel\" \/>\n<meta property=\"article:modified_time\" content=\"2024-07-28T17:14:40+00:00\" \/>\n<meta property=\"og:image\" content=\"https:\/\/reclamatravel.com\/reclamatravel\/wp-content\/uploads\/2024\/07\/cropped-logo-2.png\" \/>\n\t<meta property=\"og:image:width\" content=\"512\" \/>\n\t<meta property=\"og:image:height\" content=\"512\" \/>\n\t<meta property=\"og:image:type\" content=\"image\/png\" \/>\n<meta name=\"twitter:card\" content=\"summary_large_image\" \/>\n<meta name=\"twitter:label1\" content=\"Tiempo de lectura\" \/>\n\t<meta name=\"twitter:data1\" content=\"7 minutos\" \/>\n<script type=\"application\/ld+json\" class=\"yoast-schema-graph\">{\"@context\":\"https:\\\/\\\/schema.org\",\"@graph\":[{\"@type\":\"WebPage\",\"@id\":\"https:\\\/\\\/reclamatravel.com\\\/reclamatravel\\\/politica-privacidad\\\/\",\"url\":\"https:\\\/\\\/reclamatravel.com\\\/reclamatravel\\\/politica-privacidad\\\/\",\"name\":\"Pol\u00edtica de Privacidad y Protecci\u00f3n de Datos - Reclama Travel\",\"isPartOf\":{\"@id\":\"https:\\\/\\\/reclamatravel.com\\\/reclamatravel\\\/#website\"},\"datePublished\":\"2024-07-23T14:11:35+00:00\",\"dateModified\":\"2024-07-28T17:14:40+00:00\",\"breadcrumb\":{\"@id\":\"https:\\\/\\\/reclamatravel.com\\\/reclamatravel\\\/politica-privacidad\\\/#breadcrumb\"},\"inLanguage\":\"es\",\"potentialAction\":[{\"@type\":\"ReadAction\",\"target\":[\"https:\\\/\\\/reclamatravel.com\\\/reclamatravel\\\/politica-privacidad\\\/\"]}]},{\"@type\":\"BreadcrumbList\",\"@id\":\"https:\\\/\\\/reclamatravel.com\\\/reclamatravel\\\/politica-privacidad\\\/#breadcrumb\",\"itemListElement\":[{\"@type\":\"ListItem\",\"position\":1,\"name\":\"Portada\",\"item\":\"https:\\\/\\\/reclamatravel.com\\\/reclamatravel\\\/\"},{\"@type\":\"ListItem\",\"position\":2,\"name\":\"Pol\u00edtica de Privacidad y Protecci\u00f3n de Datos\"}]},{\"@type\":\"WebSite\",\"@id\":\"https:\\\/\\\/reclamatravel.com\\\/reclamatravel\\\/#website\",\"url\":\"https:\\\/\\\/reclamatravel.com\\\/reclamatravel\\\/\",\"name\":\"Reclama Travel\",\"description\":\"L\u00edder en Gesti\u00f3n de Indemnizaciones A\u00e9reas\",\"publisher\":{\"@id\":\"https:\\\/\\\/reclamatravel.com\\\/reclamatravel\\\/#organization\"},\"potentialAction\":[{\"@type\":\"SearchAction\",\"target\":{\"@type\":\"EntryPoint\",\"urlTemplate\":\"https:\\\/\\\/reclamatravel.com\\\/reclamatravel\\\/?s={search_term_string}\"},\"query-input\":{\"@type\":\"PropertyValueSpecification\",\"valueRequired\":true,\"valueName\":\"search_term_string\"}}],\"inLanguage\":\"es\"},{\"@type\":\"Organization\",\"@id\":\"https:\\\/\\\/reclamatravel.com\\\/reclamatravel\\\/#organization\",\"name\":\"Reclama Travel\",\"url\":\"https:\\\/\\\/reclamatravel.com\\\/reclamatravel\\\/\",\"logo\":{\"@type\":\"ImageObject\",\"inLanguage\":\"es\",\"@id\":\"https:\\\/\\\/reclamatravel.com\\\/reclamatravel\\\/#\\\/schema\\\/logo\\\/image\\\/\",\"url\":\"https:\\\/\\\/reclamatravel.com\\\/reclamatravel\\\/wp-content\\\/uploads\\\/2024\\\/07\\\/logo-apaisado-Reclama-Travel-1.png\",\"contentUrl\":\"https:\\\/\\\/reclamatravel.com\\\/reclamatravel\\\/wp-content\\\/uploads\\\/2024\\\/07\\\/logo-apaisado-Reclama-Travel-1.png\",\"width\":1607,\"height\":208,\"caption\":\"Reclama Travel\"},\"image\":{\"@id\":\"https:\\\/\\\/reclamatravel.com\\\/reclamatravel\\\/#\\\/schema\\\/logo\\\/image\\\/\"}}]}<\/script>\n<!-- \/ Yoast SEO plugin. -->","yoast_head_json":{"title":"Pol\u00edtica de Privacidad y Protecci\u00f3n de Datos - Reclama Travel","robots":{"index":"index","follow":"follow","max-snippet":"max-snippet:-1","max-image-preview":"max-image-preview:large","max-video-preview":"max-video-preview:-1"},"canonical":"https:\/\/reclamatravel.com\/reclamatravel\/politica-privacidad\/","og_locale":"es_ES","og_type":"article","og_title":"Pol\u00edtica de Privacidad y Protecci\u00f3n de Datos - Reclama Travel","og_description":"Pol\u00edtica de Privacidad y Protecci\u00f3n de Datos RESPONSABLE:\u00a0RECLAMA TRAVEL S.L. &#8211; CIF B-98911894 CONTACTO\u00a0C\/ Juan de la Cierva, 10 &#8211; despacho 7, 46980 &#8211; Paterna \u2013 Valencia, Espa\u00f1a FINALIDADES\u00a0Gesti\u00f3n de potenciales:\u00a0Gesti\u00f3n de clientes potenciales y contactos Comunicaciones comerciales:\u00a0Marketing, publicidad y prospecci\u00f3n comercial LEGITIMACION\u00a0Gesti\u00f3n de potenciales:\u00a0Existencia de una relaci\u00f3n contractual con el interesado mediante contrato o precontrato Consultas Website:\u00a0Consentimiento expl\u00edcito del &hellip;","og_url":"https:\/\/reclamatravel.com\/reclamatravel\/politica-privacidad\/","og_site_name":"Reclama Travel","article_modified_time":"2024-07-28T17:14:40+00:00","og_image":[{"width":512,"height":512,"url":"https:\/\/reclamatravel.com\/reclamatravel\/wp-content\/uploads\/2024\/07\/cropped-logo-2.png","type":"image\/png"}],"twitter_card":"summary_large_image","twitter_misc":{"Tiempo de lectura":"7 minutos"},"schema":{"@context":"https:\/\/schema.org","@graph":[{"@type":"WebPage","@id":"https:\/\/reclamatravel.com\/reclamatravel\/politica-privacidad\/","url":"https:\/\/reclamatravel.com\/reclamatravel\/politica-privacidad\/","name":"Pol\u00edtica de Privacidad y Protecci\u00f3n de Datos - Reclama Travel","isPartOf":{"@id":"https:\/\/reclamatravel.com\/reclamatravel\/#website"},"datePublished":"2024-07-23T14:11:35+00:00","dateModified":"2024-07-28T17:14:40+00:00","breadcrumb":{"@id":"https:\/\/reclamatravel.com\/reclamatravel\/politica-privacidad\/#breadcrumb"},"inLanguage":"es","potentialAction":[{"@type":"ReadAction","target":["https:\/\/reclamatravel.com\/reclamatravel\/politica-privacidad\/"]}]},{"@type":"BreadcrumbList","@id":"https:\/\/reclamatravel.com\/reclamatravel\/politica-privacidad\/#breadcrumb","itemListElement":[{"@type":"ListItem","position":1,"name":"Portada","item":"https:\/\/reclamatravel.com\/reclamatravel\/"},{"@type":"ListItem","position":2,"name":"Pol\u00edtica de Privacidad y Protecci\u00f3n de Datos"}]},{"@type":"WebSite","@id":"https:\/\/reclamatravel.com\/reclamatravel\/#website","url":"https:\/\/reclamatravel.com\/reclamatravel\/","name":"Reclama Travel","description":"L\u00edder en Gesti\u00f3n de Indemnizaciones A\u00e9reas","publisher":{"@id":"https:\/\/reclamatravel.com\/reclamatravel\/#organization"},"potentialAction":[{"@type":"SearchAction","target":{"@type":"EntryPoint","urlTemplate":"https:\/\/reclamatravel.com\/reclamatravel\/?s={search_term_string}"},"query-input":{"@type":"PropertyValueSpecification","valueRequired":true,"valueName":"search_term_string"}}],"inLanguage":"es"},{"@type":"Organization","@id":"https:\/\/reclamatravel.com\/reclamatravel\/#organization","name":"Reclama Travel","url":"https:\/\/reclamatravel.com\/reclamatravel\/","logo":{"@type":"ImageObject","inLanguage":"es","@id":"https:\/\/reclamatravel.com\/reclamatravel\/#\/schema\/logo\/image\/","url":"https:\/\/reclamatravel.com\/reclamatravel\/wp-content\/uploads\/2024\/07\/logo-apaisado-Reclama-Travel-1.png","contentUrl":"https:\/\/reclamatravel.com\/reclamatravel\/wp-content\/uploads\/2024\/07\/logo-apaisado-Reclama-Travel-1.png","width":1607,"height":208,"caption":"Reclama Travel"},"image":{"@id":"https:\/\/reclamatravel.com\/reclamatravel\/#\/schema\/logo\/image\/"}}]}},"_links":{"self":[{"href":"https:\/\/reclamatravel.com\/reclamatravel\/wp-json\/wp\/v2\/pages\/3","targetHints":{"allow":["GET"]}}],"collection":[{"href":"https:\/\/reclamatravel.com\/reclamatravel\/wp-json\/wp\/v2\/pages"}],"about":[{"href":"https:\/\/reclamatravel.com\/reclamatravel\/wp-json\/wp\/v2\/types\/page"}],"author":[{"embeddable":true,"href":"https:\/\/reclamatravel.com\/reclamatravel\/wp-json\/wp\/v2\/users\/4"}],"replies":[{"embeddable":true,"href":"https:\/\/reclamatravel.com\/reclamatravel\/wp-json\/wp\/v2\/comments?post=3"}],"version-history":[{"count":3,"href":"https:\/\/reclamatravel.com\/reclamatravel\/wp-json\/wp\/v2\/pages\/3\/revisions"}],"predecessor-version":[{"id":1899,"href":"https:\/\/reclamatravel.com\/reclamatravel\/wp-json\/wp\/v2\/pages\/3\/revisions\/1899"}],"wp:attachment":[{"href":"https:\/\/reclamatravel.com\/reclamatravel\/wp-json\/wp\/v2\/media?parent=3"}],"curies":[{"name":"wp","href":"https:\/\/api.w.org\/{rel}","templated":true}]}}